{"id":22,"date":"2024-05-20T17:11:03","date_gmt":"2024-05-20T15:11:03","guid":{"rendered":"https:\/\/kugoo.ma\/?page_id=22"},"modified":"2024-05-20T17:55:14","modified_gmt":"2024-05-20T15:55:14","slug":"velos-electriques","status":"publish","type":"page","link":"https:\/\/kugoo.ma\/en\/velos-electriques\/","title":{"rendered":"V\u00e9los \u00e9lectriques"},"content":{"rendered":"\t\t<div data-elementor-type=\"wp-page\" data-elementor-id=\"22\" class=\"elementor elementor-22\" data-elementor-post-type=\"page\">\n\t\t\t\t<div class=\"wd-negative-gap elementor-element elementor-element-e8db014 e-flex e-con-boxed e-con e-parent\" data-id=\"e8db014\" data-element_type=\"container\" data-e-type=\"container\">\n\t\t\t\t\t<div class=\"e-con-inner\">\n\t\t\t\t<div class=\"elementor-element elementor-element-1daa038 wd-width-100 elementor-widget elementor-widget-wd_products\" data-id=\"1daa038\" data-element_type=\"widget\" data-e-type=\"widget\" data-widget_type=\"wd_products.default\">\n\t\t\t\t<div class=\"elementor-widget-container\">\n\t\t\t\t\t\t\t\t\t\t<div class=\"wd-products-element\">\n\n\t\t\t\n\t\t\t\n\t\t\t\n\t\t\t<div class=\"products wd-products grid-columns-4 elements-grid wd-grid-g wd-loop-builder-off wd-stretch-cont-lg products-bordered-grid-ins\" data-paged=\"1\" data-atts=\"{&quot;speed&quot;:null,&quot;slides_per_view&quot;:null,&quot;wrap&quot;:null,&quot;autoplay&quot;:null,&quot;autoheight&quot;:null,&quot;hide_pagination_control&quot;:null,&quot;dynamic_pagination_control&quot;:null,&quot;hide_prev_next_buttons&quot;:null,&quot;carousel_arrows_position&quot;:null,&quot;hide_scrollbar&quot;:null,&quot;scroll_per_page&quot;:null,&quot;center_mode&quot;:null,&quot;spacing&quot;:&quot;&quot;,&quot;carousel_sync&quot;:null,&quot;sync_parent_id&quot;:null,&quot;sync_child_id&quot;:null,&quot;scroll_carousel_init&quot;:null,&quot;disable_overflow_carousel&quot;:null,&quot;include&quot;:null,&quot;taxonomies&quot;:[&quot;18&quot;],&quot;meta_key&quot;:null,&quot;shop_tools&quot;:null,&quot;ajax_recently_viewed&quot;:null,&quot;pagination_arrows_position&quot;:null,&quot;list_spacing&quot;:null,&quot;columns&quot;:{&quot;unit&quot;:&quot;px&quot;,&quot;size&quot;:4,&quot;sizes&quot;:[]},&quot;products_masonry&quot;:&quot;&quot;,&quot;products_different_sizes&quot;:&quot;&quot;,&quot;product_quantity&quot;:&quot;&quot;,&quot;product_custom_hover&quot;:null,&quot;sale_countdown&quot;:&quot;0&quot;,&quot;stretch_product&quot;:null,&quot;stock_progress_bar&quot;:&quot;0&quot;,&quot;highlighted_products&quot;:&quot;0&quot;,&quot;products_divider&quot;:null,&quot;products_bordered_grid&quot;:&quot;1&quot;,&quot;products_bordered_grid_style&quot;:&quot;inside&quot;,&quot;products_with_background&quot;:&quot;0&quot;,&quot;products_shadow&quot;:&quot;0&quot;,&quot;img_size&quot;:&quot;large&quot;,&quot;img_size_custom&quot;:null,&quot;grid_gallery_control&quot;:null,&quot;grid_gallery_enable_arrows&quot;:null,&quot;elementor&quot;:true,&quot;force_not_ajax&quot;:&quot;no&quot;}\" data-source=\"shortcode\" data-columns=\"4\" style=\"--wd-col-lg:4;--wd-col-md:4;--wd-col-sm:2;--wd-gap-lg:20px;--wd-gap-sm:10px;\">\n\t\t\n\t\t\n\t\t\t\t<\/div>\n\t\n\t\t\n\t\t\n\t\t\t\t\t<\/div>\n\t\t\n\t\t\t\t\t\t<\/div>\n\t\t\t\t<\/div>\n\t\t\t\t\t<\/div>\n\t\t\t\t<\/div>\n\t\t\t\t<\/div>\n\t\t","protected":false},"excerpt":{"rendered":"<p>V\u00e9lo \u00e9lectrique KuKirin V2 V\u00e9lo \u00e9lectrique V\u00e9lo \u00e9lectrique KuKirin V3 V\u00e9lo \u00e9lectrique<\/p>","protected":false},"author":1,"featured_media":0,"parent":0,"menu_order":0,"comment_status":"closed","ping_status":"closed","template":"","meta":{"footnotes":""},"class_list":["post-22","page","type-page","status-publish","hentry"],"yoast_head":"<!-- This site is optimized with the Yoast SEO plugin v27.2 - https:\/\/yoast.com\/product\/yoast-seo-wordpress\/ -->\n<title>V\u00e9los \u00e9lectriques - Kukirin Kugoo Officiel Maroc<\/title>\n<meta name=\"robots\" content=\"index, follow, max-snippet:-1, max-image-preview:large, max-video-preview:-1\" \/>\n<link rel=\"canonical\" href=\"https:\/\/kugoo.ma\/en\/velos-electriques\/\" \/>\n<meta property=\"og:locale\" content=\"en_US\" \/>\n<meta property=\"og:type\" content=\"article\" \/>\n<meta property=\"og:title\" content=\"V\u00e9los \u00e9lectriques - Kukirin Kugoo Officiel Maroc\" \/>\n<meta property=\"og:description\" content=\"V\u00e9lo \u00e9lectrique KuKirin V2 V\u00e9lo \u00e9lectrique V\u00e9lo \u00e9lectrique KuKirin V3 V\u00e9lo \u00e9lectrique\" \/>\n<meta property=\"og:url\" content=\"https:\/\/kugoo.ma\/en\/velos-electriques\/\" \/>\n<meta property=\"og:site_name\" content=\"Kukirin Kugoo Officiel Maroc\" \/>\n<meta property=\"article:modified_time\" content=\"2024-05-20T15:55:14+00:00\" \/>\n<meta property=\"og:image\" content=\"https:\/\/kugoo.ma\/wp-content\/uploads\/2024\/05\/v2.png\" \/>\n<meta name=\"twitter:card\" content=\"summary_large_image\" \/>\n<script type=\"application\/ld+json\" class=\"yoast-schema-graph\">{\"@context\":\"https:\/\/schema.org\",\"@graph\":[{\"@type\":\"WebPage\",\"@id\":\"https:\/\/kugoo.ma\/velos-electriques\/\",\"url\":\"https:\/\/kugoo.ma\/velos-electriques\/\",\"name\":\"V\u00e9los \u00e9lectriques - Kukirin Kugoo Officiel Maroc\",\"isPartOf\":{\"@id\":\"https:\/\/kugoo.ma\/#website\"},\"primaryImageOfPage\":{\"@id\":\"https:\/\/kugoo.ma\/velos-electriques\/#primaryimage\"},\"image\":{\"@id\":\"https:\/\/kugoo.ma\/velos-electriques\/#primaryimage\"},\"thumbnailUrl\":\"https:\/\/kugoo.ma\/wp-content\/uploads\/2024\/05\/v2.png\",\"datePublished\":\"2024-05-20T15:11:03+00:00\",\"dateModified\":\"2024-05-20T15:55:14+00:00\",\"breadcrumb\":{\"@id\":\"https:\/\/kugoo.ma\/velos-electriques\/#breadcrumb\"},\"inLanguage\":\"en-US\",\"potentialAction\":[{\"@type\":\"ReadAction\",\"target\":[\"https:\/\/kugoo.ma\/velos-electriques\/\"]}]},{\"@type\":\"ImageObject\",\"inLanguage\":\"en-US\",\"@id\":\"https:\/\/kugoo.ma\/velos-electriques\/#primaryimage\",\"url\":\"https:\/\/kugoo.ma\/wp-content\/uploads\/2024\/05\/v2.png\",\"contentUrl\":\"https:\/\/kugoo.ma\/wp-content\/uploads\/2024\/05\/v2.png\"},{\"@type\":\"BreadcrumbList\",\"@id\":\"https:\/\/kugoo.ma\/velos-electriques\/#breadcrumb\",\"itemListElement\":[{\"@type\":\"ListItem\",\"position\":1,\"name\":\"Accueil\",\"item\":\"https:\/\/kugoo.ma\/\"},{\"@type\":\"ListItem\",\"position\":2,\"name\":\"V\u00e9los \u00e9lectriques\"}]},{\"@type\":\"WebSite\",\"@id\":\"https:\/\/kugoo.ma\/#website\",\"url\":\"https:\/\/kugoo.ma\/\",\"name\":\"Kukirin Kugoo Officiel Maroc\",\"description\":\"\",\"potentialAction\":[{\"@type\":\"SearchAction\",\"target\":{\"@type\":\"EntryPoint\",\"urlTemplate\":\"https:\/\/kugoo.ma\/?s={search_term_string}\"},\"query-input\":{\"@type\":\"PropertyValueSpecification\",\"valueRequired\":true,\"valueName\":\"search_term_string\"}}],\"inLanguage\":\"en-US\"}]}<\/script>\n<!-- \/ Yoast SEO plugin. -->","yoast_head_json":{"title":"V\u00e9los \u00e9lectriques - Kukirin Kugoo Officiel Maroc","robots":{"index":"index","follow":"follow","max-snippet":"max-snippet:-1","max-image-preview":"max-image-preview:large","max-video-preview":"max-video-preview:-1"},"canonical":"https:\/\/kugoo.ma\/en\/velos-electriques\/","og_locale":"en_US","og_type":"article","og_title":"V\u00e9los \u00e9lectriques - Kukirin Kugoo Officiel Maroc","og_description":"V\u00e9lo \u00e9lectrique KuKirin V2 V\u00e9lo \u00e9lectrique V\u00e9lo \u00e9lectrique KuKirin V3 V\u00e9lo \u00e9lectrique","og_url":"https:\/\/kugoo.ma\/en\/velos-electriques\/","og_site_name":"Kukirin Kugoo Officiel Maroc","article_modified_time":"2024-05-20T15:55:14+00:00","og_image":[{"url":"https:\/\/kugoo.ma\/wp-content\/uploads\/2024\/05\/v2.png","type":"","width":"","height":""}],"twitter_card":"summary_large_image","schema":{"@context":"https:\/\/schema.org","@graph":[{"@type":"WebPage","@id":"https:\/\/kugoo.ma\/velos-electriques\/","url":"https:\/\/kugoo.ma\/velos-electriques\/","name":"V\u00e9los \u00e9lectriques - Kukirin Kugoo Officiel Maroc","isPartOf":{"@id":"https:\/\/kugoo.ma\/#website"},"primaryImageOfPage":{"@id":"https:\/\/kugoo.ma\/velos-electriques\/#primaryimage"},"image":{"@id":"https:\/\/kugoo.ma\/velos-electriques\/#primaryimage"},"thumbnailUrl":"https:\/\/kugoo.ma\/wp-content\/uploads\/2024\/05\/v2.png","datePublished":"2024-05-20T15:11:03+00:00","dateModified":"2024-05-20T15:55:14+00:00","breadcrumb":{"@id":"https:\/\/kugoo.ma\/velos-electriques\/#breadcrumb"},"inLanguage":"en-US","potentialAction":[{"@type":"ReadAction","target":["https:\/\/kugoo.ma\/velos-electriques\/"]}]},{"@type":"ImageObject","inLanguage":"en-US","@id":"https:\/\/kugoo.ma\/velos-electriques\/#primaryimage","url":"https:\/\/kugoo.ma\/wp-content\/uploads\/2024\/05\/v2.png","contentUrl":"https:\/\/kugoo.ma\/wp-content\/uploads\/2024\/05\/v2.png"},{"@type":"BreadcrumbList","@id":"https:\/\/kugoo.ma\/velos-electriques\/#breadcrumb","itemListElement":[{"@type":"ListItem","position":1,"name":"Accueil","item":"https:\/\/kugoo.ma\/"},{"@type":"ListItem","position":2,"name":"V\u00e9los \u00e9lectriques"}]},{"@type":"WebSite","@id":"https:\/\/kugoo.ma\/#website","url":"https:\/\/kugoo.ma\/","name":"Kukirin Kugoo Officiel Maroc","description":"","potentialAction":[{"@type":"SearchAction","target":{"@type":"EntryPoint","urlTemplate":"https:\/\/kugoo.ma\/?s={search_term_string}"},"query-input":{"@type":"PropertyValueSpecification","valueRequired":true,"valueName":"search_term_string"}}],"inLanguage":"en-US"}]}},"_links":{"self":[{"href":"https:\/\/kugoo.ma\/en\/wp-json\/wp\/v2\/pages\/22","targetHints":{"allow":["GET"]}}],"collection":[{"href":"https:\/\/kugoo.ma\/en\/wp-json\/wp\/v2\/pages"}],"about":[{"href":"https:\/\/kugoo.ma\/en\/wp-json\/wp\/v2\/types\/page"}],"author":[{"embeddable":true,"href":"https:\/\/kugoo.ma\/en\/wp-json\/wp\/v2\/users\/1"}],"replies":[{"embeddable":true,"href":"https:\/\/kugoo.ma\/en\/wp-json\/wp\/v2\/comments?post=22"}],"version-history":[{"count":4,"href":"https:\/\/kugoo.ma\/en\/wp-json\/wp\/v2\/pages\/22\/revisions"}],"predecessor-version":[{"id":326,"href":"https:\/\/kugoo.ma\/en\/wp-json\/wp\/v2\/pages\/22\/revisions\/326"}],"wp:attachment":[{"href":"https:\/\/kugoo.ma\/en\/wp-json\/wp\/v2\/media?parent=22"}],"curies":[{"name":"wp","href":"https:\/\/api.w.org\/{rel}","templated":true}]}}