{"id":24,"date":"2024-05-20T17:11:19","date_gmt":"2024-05-20T15:11:19","guid":{"rendered":"https:\/\/kugoo.ma\/?page_id=24"},"modified":"2025-10-10T17:08:01","modified_gmt":"2025-10-10T15:08:01","slug":"a-propos-de-nous","status":"publish","type":"page","link":"https:\/\/kugoo.ma\/en\/a-propos-de-nous\/","title":{"rendered":"\u00c0 propos de nous"},"content":{"rendered":"<div data-elementor-type=\"wp-page\" data-elementor-id=\"24\" class=\"elementor elementor-24\" data-elementor-post-type=\"page\">\n\t\t\t\t<div class=\"wd-negative-gap elementor-element elementor-element-b9356b9 e-flex e-con-boxed e-con e-parent\" data-id=\"b9356b9\" data-element_type=\"container\" data-e-type=\"container\">\n\t\t\t\t\t<div class=\"e-con-inner\">\n\t\t\t\t<div class=\"elementor-element elementor-element-482cf31 color-scheme-inherit text-left elementor-widget elementor-widget-text-editor\" data-id=\"482cf31\" data-element_type=\"widget\" data-e-type=\"widget\" data-widget_type=\"text-editor.default\">\n\t\t\t\t<div class=\"elementor-widget-container\">\n\t\t\t\t\t\t\t\t\t<p>KUGOO a \u00e9t\u00e9 fond\u00e9 au cours de l&rsquo;ann\u00e9e 2015 par une \u00e9quipe d&rsquo;experts dans le domaine des E-scooters. D\u00e9fi\u00e9 par le nombre croissant d&rsquo;automobiles \u00e9mettant des substances nocives affectant l&rsquo;environnement, KUGOO a lanc\u00e9 son premier scooter \u00e9lectrique \u00e0 succ\u00e8s \u00ab\u00a0Cool Green\u00a0\u00bb prot\u00e9geant l&rsquo;environnement et aidant des millions de personnes \u00e0 se d\u00e9placer d&rsquo;une nouvelle mani\u00e8re innovante.<\/p><p>Nos ing\u00e9nieurs et l&rsquo;\u00e9quipe de R&amp;D sont tr\u00e8s motiv\u00e9s par les d\u00e9fis qu&rsquo;ils doivent relever pour d\u00e9velopper des scooters \u00e9lectriques de pointe. Le nom de KUGOO r\u00e9sonne aujourd&rsquo;hui dans le monde entier gr\u00e2ce \u00e0 tous nos clients et inspire notre \u00e9quipe \u00e0 se d\u00e9velopper et \u00e0 fournir la meilleure exp\u00e9rience de conduite de scooters \u00e9lectriques.<\/p><p>Nous sommes maintenant l&rsquo;un des principaux fabricants d&rsquo;e-scooters dans le monde avec un large canal de distribution \u00e0 travers l&rsquo;Europe, y compris des pays comme l&rsquo;Espagne, l&rsquo;Allemagne, la Pologne, l&rsquo;Italie et plus encore.<\/p><p>L&rsquo;\u00e9quipe apr\u00e8s-vente bas\u00e9e en Europe permet aux utilisateurs d&rsquo;utiliser tous les services de garantie localement. Notre service client\u00e8le d\u00e9di\u00e9 peut \u00eatre joint par t\u00e9l\u00e9phone ou par e-mail pour votre confort.<\/p><p>La gamme de produits KUGOO comprend des scooters \u00e9lectriques adapt\u00e9s aux adolescents ainsi que des mod\u00e8les qui r\u00e9pondent aux besoins des conducteurs de scooters \u00e9lectriques les plus exigeants. Notre \u00e9quipe d&rsquo;ing\u00e9nieurs tr\u00e8s exp\u00e9riment\u00e9s d\u00e9veloppe constamment de nouvelles technologies pour am\u00e9liorer l&rsquo;exp\u00e9rience de conduite en mettant en \u0153uvre des fonctionnalit\u00e9s uniques.<\/p><p>Nous contacter<\/p><p><span style=\"font-size: 16px; color: var( --e-global-color-text ); text-align: var(--text-align); background-color: var(--wd-main-bgcolor);\">Email : support@Kugoo.ma (Support avant-vente \/ apr\u00e8s-vente)<\/span><\/p><p><img loading=\"lazy\" decoding=\"async\" class=\"alignnone wp-image-480 size-full\" src=\"https:\/\/kugoo.ma\/wp-content\/uploads\/2025\/10\/width_2400.jpg\" alt=\"\" width=\"2400\" height=\"1351\" srcset=\"https:\/\/kugoo.ma\/wp-content\/uploads\/2025\/10\/width_2400.jpg 2400w, https:\/\/kugoo.ma\/wp-content\/uploads\/2025\/10\/width_2400-300x169.jpg 300w, https:\/\/kugoo.ma\/wp-content\/uploads\/2025\/10\/width_2400-1024x576.jpg 1024w, https:\/\/kugoo.ma\/wp-content\/uploads\/2025\/10\/width_2400-768x432.jpg 768w, https:\/\/kugoo.ma\/wp-content\/uploads\/2025\/10\/width_2400-1536x865.jpg 1536w, https:\/\/kugoo.ma\/wp-content\/uploads\/2025\/10\/width_2400-2048x1153.jpg 2048w, https:\/\/kugoo.ma\/wp-content\/uploads\/2025\/10\/width_2400-600x338.jpg 600w, https:\/\/kugoo.ma\/wp-content\/uploads\/2025\/10\/width_2400-150x84.jpg 150w\" sizes=\"auto, (max-width: 2400px) 100vw, 2400px\" \/><\/p><p><img decoding=\"async\" src=\"https:\/\/s.alicdn.com\/@sc04\/kf\/Hcaf4379120a544d7b739755cc985bcbfl\/275640225\/Hcaf4379120a544d7b739755cc985bcbfl.jpg\" \/><\/p><p><img loading=\"lazy\" decoding=\"async\" src=\"https:\/\/img.staticdj.com\/4cbb8dc4419390127ab492aade74df6c.jpg\" alt=\"\" width=\"1920\" height=\"1080\" \/><br \/>\u00a0<\/p>\t\t\t\t\t\t\t\t<\/div>\n\t\t\t\t<\/div>\n\t\t\t\t\t<\/div>\n\t\t\t\t<\/div>\n\t\t\t\t<\/div>","protected":false},"excerpt":{"rendered":"<p>KUGOO a \u00e9t\u00e9 fond\u00e9 au cours de l&rsquo;ann\u00e9e 2015 par une \u00e9quipe d&rsquo;experts dans le domaine des E-scooters. D\u00e9fi\u00e9 par<\/p>","protected":false},"author":1,"featured_media":0,"parent":0,"menu_order":0,"comment_status":"closed","ping_status":"closed","template":"","meta":{"footnotes":""},"class_list":["post-24","page","type-page","status-publish","hentry"],"yoast_head":"<!-- This site is optimized with the Yoast SEO plugin v27.2 - https:\/\/yoast.com\/product\/yoast-seo-wordpress\/ -->\n<title>\u00c0 propos de nous - Kukirin Kugoo Officiel Maroc<\/title>\n<meta name=\"robots\" content=\"index, follow, max-snippet:-1, max-image-preview:large, max-video-preview:-1\" \/>\n<link rel=\"canonical\" href=\"https:\/\/kugoo.ma\/en\/a-propos-de-nous\/\" \/>\n<meta property=\"og:locale\" content=\"en_US\" \/>\n<meta property=\"og:type\" content=\"article\" \/>\n<meta property=\"og:title\" content=\"\u00c0 propos de nous - Kukirin Kugoo Officiel Maroc\" \/>\n<meta property=\"og:description\" content=\"KUGOO a \u00e9t\u00e9 fond\u00e9 au cours de l&rsquo;ann\u00e9e 2015 par une \u00e9quipe d&rsquo;experts dans le domaine des E-scooters. D\u00e9fi\u00e9 par\" \/>\n<meta property=\"og:url\" content=\"https:\/\/kugoo.ma\/en\/a-propos-de-nous\/\" \/>\n<meta property=\"og:site_name\" content=\"Kukirin Kugoo Officiel Maroc\" \/>\n<meta property=\"article:modified_time\" content=\"2025-10-10T15:08:01+00:00\" \/>\n<meta property=\"og:image\" content=\"https:\/\/kugoo.ma\/wp-content\/uploads\/2025\/10\/width_2400.jpg\" \/>\n<meta name=\"twitter:card\" content=\"summary_large_image\" \/>\n<meta name=\"twitter:label1\" content=\"Est. reading time\" \/>\n\t<meta name=\"twitter:data1\" content=\"2 minutes\" \/>\n<script type=\"application\/ld+json\" class=\"yoast-schema-graph\">{\"@context\":\"https:\/\/schema.org\",\"@graph\":[{\"@type\":\"WebPage\",\"@id\":\"https:\/\/kugoo.ma\/a-propos-de-nous\/\",\"url\":\"https:\/\/kugoo.ma\/a-propos-de-nous\/\",\"name\":\"\u00c0 propos de nous - Kukirin Kugoo Officiel Maroc\",\"isPartOf\":{\"@id\":\"https:\/\/kugoo.ma\/#website\"},\"primaryImageOfPage\":{\"@id\":\"https:\/\/kugoo.ma\/a-propos-de-nous\/#primaryimage\"},\"image\":{\"@id\":\"https:\/\/kugoo.ma\/a-propos-de-nous\/#primaryimage\"},\"thumbnailUrl\":\"https:\/\/kugoo.ma\/wp-content\/uploads\/2025\/10\/width_2400.jpg\",\"datePublished\":\"2024-05-20T15:11:19+00:00\",\"dateModified\":\"2025-10-10T15:08:01+00:00\",\"breadcrumb\":{\"@id\":\"https:\/\/kugoo.ma\/a-propos-de-nous\/#breadcrumb\"},\"inLanguage\":\"en-US\",\"potentialAction\":[{\"@type\":\"ReadAction\",\"target\":[\"https:\/\/kugoo.ma\/a-propos-de-nous\/\"]}]},{\"@type\":\"ImageObject\",\"inLanguage\":\"en-US\",\"@id\":\"https:\/\/kugoo.ma\/a-propos-de-nous\/#primaryimage\",\"url\":\"https:\/\/kugoo.ma\/wp-content\/uploads\/2025\/10\/width_2400.jpg\",\"contentUrl\":\"https:\/\/kugoo.ma\/wp-content\/uploads\/2025\/10\/width_2400.jpg\"},{\"@type\":\"BreadcrumbList\",\"@id\":\"https:\/\/kugoo.ma\/a-propos-de-nous\/#breadcrumb\",\"itemListElement\":[{\"@type\":\"ListItem\",\"position\":1,\"name\":\"Accueil\",\"item\":\"https:\/\/kugoo.ma\/\"},{\"@type\":\"ListItem\",\"position\":2,\"name\":\"\u00c0 propos de nous\"}]},{\"@type\":\"WebSite\",\"@id\":\"https:\/\/kugoo.ma\/#website\",\"url\":\"https:\/\/kugoo.ma\/\",\"name\":\"Kukirin Kugoo Officiel Maroc\",\"description\":\"\",\"potentialAction\":[{\"@type\":\"SearchAction\",\"target\":{\"@type\":\"EntryPoint\",\"urlTemplate\":\"https:\/\/kugoo.ma\/?s={search_term_string}\"},\"query-input\":{\"@type\":\"PropertyValueSpecification\",\"valueRequired\":true,\"valueName\":\"search_term_string\"}}],\"inLanguage\":\"en-US\"}]}<\/script>\n<!-- \/ Yoast SEO plugin. -->","yoast_head_json":{"title":"\u00c0 propos de nous - Kukirin Kugoo Officiel Maroc","robots":{"index":"index","follow":"follow","max-snippet":"max-snippet:-1","max-image-preview":"max-image-preview:large","max-video-preview":"max-video-preview:-1"},"canonical":"https:\/\/kugoo.ma\/en\/a-propos-de-nous\/","og_locale":"en_US","og_type":"article","og_title":"\u00c0 propos de nous - Kukirin Kugoo Officiel Maroc","og_description":"KUGOO a \u00e9t\u00e9 fond\u00e9 au cours de l&rsquo;ann\u00e9e 2015 par une \u00e9quipe d&rsquo;experts dans le domaine des E-scooters. D\u00e9fi\u00e9 par","og_url":"https:\/\/kugoo.ma\/en\/a-propos-de-nous\/","og_site_name":"Kukirin Kugoo Officiel Maroc","article_modified_time":"2025-10-10T15:08:01+00:00","og_image":[{"url":"https:\/\/kugoo.ma\/wp-content\/uploads\/2025\/10\/width_2400.jpg","type":"","width":"","height":""}],"twitter_card":"summary_large_image","twitter_misc":{"Est. reading time":"2 minutes"},"schema":{"@context":"https:\/\/schema.org","@graph":[{"@type":"WebPage","@id":"https:\/\/kugoo.ma\/a-propos-de-nous\/","url":"https:\/\/kugoo.ma\/a-propos-de-nous\/","name":"\u00c0 propos de nous - Kukirin Kugoo Officiel Maroc","isPartOf":{"@id":"https:\/\/kugoo.ma\/#website"},"primaryImageOfPage":{"@id":"https:\/\/kugoo.ma\/a-propos-de-nous\/#primaryimage"},"image":{"@id":"https:\/\/kugoo.ma\/a-propos-de-nous\/#primaryimage"},"thumbnailUrl":"https:\/\/kugoo.ma\/wp-content\/uploads\/2025\/10\/width_2400.jpg","datePublished":"2024-05-20T15:11:19+00:00","dateModified":"2025-10-10T15:08:01+00:00","breadcrumb":{"@id":"https:\/\/kugoo.ma\/a-propos-de-nous\/#breadcrumb"},"inLanguage":"en-US","potentialAction":[{"@type":"ReadAction","target":["https:\/\/kugoo.ma\/a-propos-de-nous\/"]}]},{"@type":"ImageObject","inLanguage":"en-US","@id":"https:\/\/kugoo.ma\/a-propos-de-nous\/#primaryimage","url":"https:\/\/kugoo.ma\/wp-content\/uploads\/2025\/10\/width_2400.jpg","contentUrl":"https:\/\/kugoo.ma\/wp-content\/uploads\/2025\/10\/width_2400.jpg"},{"@type":"BreadcrumbList","@id":"https:\/\/kugoo.ma\/a-propos-de-nous\/#breadcrumb","itemListElement":[{"@type":"ListItem","position":1,"name":"Accueil","item":"https:\/\/kugoo.ma\/"},{"@type":"ListItem","position":2,"name":"\u00c0 propos de nous"}]},{"@type":"WebSite","@id":"https:\/\/kugoo.ma\/#website","url":"https:\/\/kugoo.ma\/","name":"Kukirin Kugoo Officiel Maroc","description":"","potentialAction":[{"@type":"SearchAction","target":{"@type":"EntryPoint","urlTemplate":"https:\/\/kugoo.ma\/?s={search_term_string}"},"query-input":{"@type":"PropertyValueSpecification","valueRequired":true,"valueName":"search_term_string"}}],"inLanguage":"en-US"}]}},"_links":{"self":[{"href":"https:\/\/kugoo.ma\/en\/wp-json\/wp\/v2\/pages\/24","targetHints":{"allow":["GET"]}}],"collection":[{"href":"https:\/\/kugoo.ma\/en\/wp-json\/wp\/v2\/pages"}],"about":[{"href":"https:\/\/kugoo.ma\/en\/wp-json\/wp\/v2\/types\/page"}],"author":[{"embeddable":true,"href":"https:\/\/kugoo.ma\/en\/wp-json\/wp\/v2\/users\/1"}],"replies":[{"embeddable":true,"href":"https:\/\/kugoo.ma\/en\/wp-json\/wp\/v2\/comments?post=24"}],"version-history":[{"count":13,"href":"https:\/\/kugoo.ma\/en\/wp-json\/wp\/v2\/pages\/24\/revisions"}],"predecessor-version":[{"id":486,"href":"https:\/\/kugoo.ma\/en\/wp-json\/wp\/v2\/pages\/24\/revisions\/486"}],"wp:attachment":[{"href":"https:\/\/kugoo.ma\/en\/wp-json\/wp\/v2\/media?parent=24"}],"curies":[{"name":"wp","href":"https:\/\/api.w.org\/{rel}","templated":true}]}}