{"id":462,"date":"2026-04-16T17:50:41","date_gmt":"2026-04-16T15:50:41","guid":{"rendered":"https:\/\/kugoo.ma\/?post_type=product&#038;p=462"},"modified":"2026-04-17T12:15:22","modified_gmt":"2026-04-17T10:15:22","slug":"trottinette-electrique-kukirin-a1","status":"publish","type":"product","link":"https:\/\/kugoo.ma\/en\/product\/trottinette-electrique-kukirin-a1\/","title":{"rendered":"Trottinette \u00e9lectrique KuKirin A1"},"content":{"rendered":"<dl class=\"data-sheet flex_container\">\n<dt class=\"name\">Marque<\/dt>\n<dd class=\"value flex_child\"><a href=\"https:\/\/kukirin-maroc.com\/\">Kukirin\u00a0 https:\/\/kukirin-maroc.com\/<\/a><\/dd>\n<\/dl>\n<dl class=\"data-sheet flex_container\">\n<dt class=\"name\">Taille d\u00e9pli\u00e9e<\/dt>\n<dd class=\"value flex_child\">1154*580*1298MM<\/dd>\n<\/dl>\n<dl class=\"data-sheet flex_container\">\n<dt class=\"name\">Moteur<\/dt>\n<dd class=\"value flex_child\">800W<\/dd>\n<\/dl>\n<dl class=\"data-sheet flex_container\">\n<dt class=\"name\">Batterie<\/dt>\n<dd class=\"value flex_child\">Lithium 48V 13Ah<\/dd>\n<\/dl>\n<dl class=\"data-sheet flex_container\">\n<dt class=\"name\">Temps De Chargement<\/dt>\n<dd class=\"value flex_child\">7-8 heures<\/dd>\n<\/dl>\n<dl class=\"data-sheet flex_container\">\n<dt class=\"name\">Vitesse Maximum<\/dt>\n<dd class=\"value flex_child\">45Km\/h<\/dd>\n<\/dl>\n<dl class=\"data-sheet flex_container\">\n<dt class=\"name\">Autonomie<\/dt>\n<dd class=\"value flex_child\">Longue Dur\u00e9e<\/dd>\n<\/dl>\n<dl class=\"data-sheet flex_container\">\n<dt class=\"name\">Poids<\/dt>\n<dd class=\"value flex_child\">25kg<\/dd>\n<\/dl>\n<dl class=\"data-sheet flex_container\">\n<dt class=\"name\">Poids Maximum Support\u00e9<\/dt>\n<dd class=\"value flex_child\">120kg<\/dd>\n<\/dl>\n<dl class=\"data-sheet flex_container\">\n<dt class=\"name\">Taille De Roue<\/dt>\n<dd class=\"value flex_child\">10 pouces<\/dd>\n<\/dl>\n<h3 data-start=\"159\" data-end=\"251\"><strong data-start=\"163\" data-end=\"251\">Trottinette \u00e9lectrique pliable Kukirin A1 \u2013 Puissance, autonomie et mobilit\u00e9 urbaine<\/strong><\/h3>\n<p data-start=\"253\" data-end=\"584\">D\u00e9couvrez la <strong data-start=\"266\" data-end=\"303\">trottinette \u00e9lectrique Kukirin A1<\/strong>, un mod\u00e8le haut de gamme con\u00e7u pour faciliter vos d\u00e9placements quotidiens en ville. Avec son <strong data-start=\"397\" data-end=\"425\">moteur puissant de 800 W<\/strong>, elle vous offre une <strong data-start=\"447\" data-end=\"478\">vitesse maximale de 45 km\/h<\/strong>, id\u00e9ale pour gagner du temps sur vos trajets urbains tout en profitant d\u2019une conduite fluide et agr\u00e9able.<\/p>\n<p data-start=\"586\" data-end=\"876\">\u00c9quip\u00e9e d\u2019une <strong data-start=\"600\" data-end=\"638\">batterie performante de 48 V 13 Ah<\/strong>, la <a href=\"https:\/\/www.kukirin-officiel.com\/\">Kukirin<\/a> A1 propose une <strong data-start=\"666\" data-end=\"700\">autonomie allant jusqu\u2019\u00e0 45 km<\/strong> avec une seule charge. Cette capacit\u00e9 vous permet de parcourir de longues distances sans souci, que ce soit pour aller au travail, \u00e0 l\u2019universit\u00e9 ou pour vos sorties en ville.<\/p>\n<p data-start=\"878\" data-end=\"1244\">Son <strong data-start=\"882\" data-end=\"900\">design pliable<\/strong> et ses <strong data-start=\"908\" data-end=\"932\">dimensions compactes<\/strong> (115,4 x 58 x 129 cm) font de cette trottinette un v\u00e9ritable atout pour les citadins. Une fois pli\u00e9e, elle se transporte et se range facilement dans un coffre de voiture, sous un bureau ou dans un coin de votre appartement. Avec un <strong data-start=\"1165\" data-end=\"1185\">poids de 25,5 kg<\/strong>, elle reste maniable tout en offrant une grande stabilit\u00e9.<\/p>\n<p data-start=\"1246\" data-end=\"1568\">La Kukirin A1 se distingue \u00e9galement par sa <strong data-start=\"1290\" data-end=\"1311\">structure robuste<\/strong>, ses <strong data-start=\"1317\" data-end=\"1335\">freins fiables<\/strong> et ses <strong data-start=\"1343\" data-end=\"1385\">pneus adapt\u00e9s \u00e0 l\u2019environnement urbain<\/strong>, garantissant s\u00e9curit\u00e9 et confort \u00e0 chaque trajet. Son \u00e9cran de contr\u00f4le vous permet de suivre votre vitesse, votre niveau de batterie et d&rsquo;autres donn\u00e9es essentielles en temps r\u00e9el.<\/p>\n<h3 data-start=\"1570\" data-end=\"1633\"><strong data-start=\"1574\" data-end=\"1633\">Pourquoi choisir cette Kukirin ?<\/strong><\/h3>\n<ul data-start=\"1635\" data-end=\"1784\">\n<li data-start=\"1635\" data-end=\"1660\">\n<p data-start=\"1637\" data-end=\"1660\">Moteur 800 W puissant<\/p>\n<\/li>\n<li data-start=\"1661\" data-end=\"1686\">\n<p data-start=\"1663\" data-end=\"1686\">Vitesse max : 45 km\/h<\/p>\n<\/li>\n<li data-start=\"1687\" data-end=\"1714\">\n<p data-start=\"1689\" data-end=\"1714\">Autonomie jusqu&rsquo;\u00e0 45 km<\/p>\n<\/li>\n<li data-start=\"1715\" data-end=\"1750\">\n<p data-start=\"1717\" data-end=\"1750\">Pliable et facile \u00e0 transporter<\/p>\n<\/li>\n<li data-start=\"1751\" data-end=\"1784\">\n<p data-start=\"1753\" data-end=\"1784\">Con\u00e7ue pour les trajets urbains<\/p>\n<\/li>\n<\/ul>\n<p data-start=\"1786\" data-end=\"1946\">Optez pour la <strong data-start=\"1800\" data-end=\"1825\">mobilit\u00e9 intelligente<\/strong> avec la <strong data-start=\"1834\" data-end=\"1848\">Kukirin A1<\/strong>, une trottinette \u00e9lectrique fiable, performante et parfaitement adapt\u00e9e \u00e0 la vie urbaine moderne.<\/p>\n<p><img loading=\"lazy\" decoding=\"async\" class=\"aligncenter wp-image-25830 size-full\" src=\"https:\/\/jump-way.ma\/wp-content\/uploads\/2025\/05\/3.jpg\" sizes=\"auto, (max-width: 1587px) 100vw, 1587px\" srcset=\"https:\/\/jump-way.ma\/wp-content\/uploads\/2025\/05\/3.jpg 1587w, https:\/\/jump-way.ma\/wp-content\/uploads\/2025\/05\/3-300x128.jpg 300w, https:\/\/jump-way.ma\/wp-content\/uploads\/2025\/05\/3-1024x437.jpg 1024w, https:\/\/jump-way.ma\/wp-content\/uploads\/2025\/05\/3-768x328.jpg 768w, https:\/\/jump-way.ma\/wp-content\/uploads\/2025\/05\/3-1536x655.jpg 1536w, https:\/\/jump-way.ma\/wp-content\/uploads\/2025\/05\/3-1200x512.jpg 1200w, https:\/\/jump-way.ma\/wp-content\/uploads\/2025\/05\/3-150x64.jpg 150w\" alt=\"\" width=\"1587\" height=\"677\" \/><br \/>\n<img loading=\"lazy\" decoding=\"async\" class=\"aligncenter wp-image-25829 size-full\" src=\"https:\/\/jump-way.ma\/wp-content\/uploads\/2025\/05\/5.jpg\" sizes=\"auto, (max-width: 1587px) 100vw, 1587px\" srcset=\"https:\/\/jump-way.ma\/wp-content\/uploads\/2025\/05\/5.jpg 1587w, https:\/\/jump-way.ma\/wp-content\/uploads\/2025\/05\/5-217x300.jpg 217w, https:\/\/jump-way.ma\/wp-content\/uploads\/2025\/05\/5-740x1024.jpg 740w, https:\/\/jump-way.ma\/wp-content\/uploads\/2025\/05\/5-768x1063.jpg 768w, https:\/\/jump-way.ma\/wp-content\/uploads\/2025\/05\/5-1110x1536.jpg 1110w, https:\/\/jump-way.ma\/wp-content\/uploads\/2025\/05\/5-1480x2048.jpg 1480w, https:\/\/jump-way.ma\/wp-content\/uploads\/2025\/05\/5-1200x1660.jpg 1200w, https:\/\/jump-way.ma\/wp-content\/uploads\/2025\/05\/5-150x208.jpg 150w\" alt=\"\" width=\"1587\" height=\"2196\" \/><br \/>\n<img loading=\"lazy\" decoding=\"async\" class=\"aligncenter wp-image-25831 size-full\" src=\"https:\/\/jump-way.ma\/wp-content\/uploads\/2025\/05\/4.jpg\" sizes=\"auto, (max-width: 1587px) 100vw, 1587px\" srcset=\"https:\/\/jump-way.ma\/wp-content\/uploads\/2025\/05\/4.jpg 1587w, https:\/\/jump-way.ma\/wp-content\/uploads\/2025\/05\/4-239x300.jpg 239w, https:\/\/jump-way.ma\/wp-content\/uploads\/2025\/05\/4-817x1024.jpg 817w, https:\/\/jump-way.ma\/wp-content\/uploads\/2025\/05\/4-768x963.jpg 768w, https:\/\/jump-way.ma\/wp-content\/uploads\/2025\/05\/4-1225x1536.jpg 1225w, https:\/\/jump-way.ma\/wp-content\/uploads\/2025\/05\/4-1200x1505.jpg 1200w, https:\/\/jump-way.ma\/wp-content\/uploads\/2025\/05\/4-150x188.jpg 150w\" alt=\"\" width=\"1587\" height=\"1990\" \/><\/p>","protected":false},"excerpt":{"rendered":"<p>Trottinette \u00e9lectrique pliable Kukirin A1 \u2013 Puissance, autonomie et mobilit\u00e9 urbaine<\/p>","protected":false},"featured_media":605,"comment_status":"closed","ping_status":"closed","template":"","meta":[],"product_brand":[],"product_cat":[48,17,50],"product_tag":[],"class_list":{"0":"post-462","1":"product","2":"type-product","3":"status-publish","4":"has-post-thumbnail","6":"product_cat-kukurin","7":"product_cat-trottinette-electrique","8":"product_cat-trottinettes-electriques","10":"first","11":"instock","12":"sale","13":"shipping-taxable","14":"purchasable","15":"product-type-simple"},"yoast_head":"<!-- This site is optimized with the Yoast SEO plugin v27.2 - https:\/\/yoast.com\/product\/yoast-seo-wordpress\/ -->\n<title>Trottinette \u00e9lectrique KuKirin A1 - Kukirin Kugoo Officiel Maroc<\/title>\n<meta name=\"description\" content=\"La trottinette \u00e9lectrique Kukirin A1 allie puissance et praticit\u00e9 : 800 W, 45 km\/h, 45 km d&#039;autonomie, pliable et id\u00e9ale pour vos trajets urbains.\" \/>\n<meta name=\"robots\" content=\"index, follow, max-snippet:-1, max-image-preview:large, max-video-preview:-1\" \/>\n<link rel=\"canonical\" href=\"https:\/\/kugoo.ma\/en\/product\/trottinette-electrique-kukirin-a1\/\" \/>\n<meta property=\"og:locale\" content=\"en_US\" \/>\n<meta property=\"og:type\" content=\"article\" \/>\n<meta property=\"og:title\" content=\"Trottinette \u00e9lectrique KuKirin A1 - Kukirin Kugoo Officiel Maroc\" \/>\n<meta property=\"og:description\" content=\"La trottinette \u00e9lectrique Kukirin A1 allie puissance et praticit\u00e9 : 800 W, 45 km\/h, 45 km d&#039;autonomie, pliable et id\u00e9ale pour vos trajets urbains.\" \/>\n<meta property=\"og:url\" content=\"https:\/\/kugoo.ma\/en\/product\/trottinette-electrique-kukirin-a1\/\" \/>\n<meta property=\"og:site_name\" content=\"Kukirin Kugoo Officiel Maroc\" \/>\n<meta property=\"article:modified_time\" content=\"2026-04-17T10:15:22+00:00\" \/>\n<meta property=\"og:image\" content=\"https:\/\/kugoo.ma\/wp-content\/uploads\/2025\/10\/banner-produit-Arabe-2026-03-05T114237.414.png\" \/>\n\t<meta property=\"og:image:width\" content=\"2500\" \/>\n\t<meta property=\"og:image:height\" content=\"2500\" \/>\n\t<meta property=\"og:image:type\" content=\"image\/png\" \/>\n<meta name=\"twitter:card\" content=\"summary_large_image\" \/>\n<meta name=\"twitter:label1\" content=\"Est. reading time\" \/>\n\t<meta name=\"twitter:data1\" content=\"3 minutes\" \/>\n<script type=\"application\/ld+json\" class=\"yoast-schema-graph\">{\"@context\":\"https:\/\/schema.org\",\"@graph\":[{\"@type\":\"WebPage\",\"@id\":\"https:\/\/kugoo.ma\/produit\/trottinette-electrique-kukirin-a1\/\",\"url\":\"https:\/\/kugoo.ma\/produit\/trottinette-electrique-kukirin-a1\/\",\"name\":\"Trottinette \u00e9lectrique KuKirin A1 - Kukirin Kugoo Officiel Maroc\",\"isPartOf\":{\"@id\":\"https:\/\/kugoo.ma\/#website\"},\"primaryImageOfPage\":{\"@id\":\"https:\/\/kugoo.ma\/produit\/trottinette-electrique-kukirin-a1\/#primaryimage\"},\"image\":{\"@id\":\"https:\/\/kugoo.ma\/produit\/trottinette-electrique-kukirin-a1\/#primaryimage\"},\"thumbnailUrl\":\"https:\/\/kugoo.ma\/wp-content\/uploads\/2025\/10\/banner-produit-Arabe-2026-03-05T114237.414.png\",\"datePublished\":\"2026-04-16T15:50:41+00:00\",\"dateModified\":\"2026-04-17T10:15:22+00:00\",\"description\":\"La trottinette \u00e9lectrique Kukirin A1 allie puissance et praticit\u00e9 : 800 W, 45 km\/h, 45 km d'autonomie, pliable et id\u00e9ale pour vos trajets urbains.\",\"breadcrumb\":{\"@id\":\"https:\/\/kugoo.ma\/produit\/trottinette-electrique-kukirin-a1\/#breadcrumb\"},\"inLanguage\":\"en-US\",\"potentialAction\":[{\"@type\":\"ReadAction\",\"target\":[\"https:\/\/kugoo.ma\/produit\/trottinette-electrique-kukirin-a1\/\"]}]},{\"@type\":\"ImageObject\",\"inLanguage\":\"en-US\",\"@id\":\"https:\/\/kugoo.ma\/produit\/trottinette-electrique-kukirin-a1\/#primaryimage\",\"url\":\"https:\/\/kugoo.ma\/wp-content\/uploads\/2025\/10\/banner-produit-Arabe-2026-03-05T114237.414.png\",\"contentUrl\":\"https:\/\/kugoo.ma\/wp-content\/uploads\/2025\/10\/banner-produit-Arabe-2026-03-05T114237.414.png\",\"width\":2500,\"height\":2500,\"caption\":\"kukirin a1\"},{\"@type\":\"BreadcrumbList\",\"@id\":\"https:\/\/kugoo.ma\/produit\/trottinette-electrique-kukirin-a1\/#breadcrumb\",\"itemListElement\":[{\"@type\":\"ListItem\",\"position\":1,\"name\":\"Accueil\",\"item\":\"https:\/\/kugoo.ma\/\"},{\"@type\":\"ListItem\",\"position\":2,\"name\":\"Boutique\",\"item\":\"https:\/\/kugoo.ma\/boutique\/\"},{\"@type\":\"ListItem\",\"position\":3,\"name\":\"Trottinette \u00e9lectrique KuKirin A1\"}]},{\"@type\":\"WebSite\",\"@id\":\"https:\/\/kugoo.ma\/#website\",\"url\":\"https:\/\/kugoo.ma\/\",\"name\":\"Kukirin Kugoo Officiel Maroc\",\"description\":\"\",\"potentialAction\":[{\"@type\":\"SearchAction\",\"target\":{\"@type\":\"EntryPoint\",\"urlTemplate\":\"https:\/\/kugoo.ma\/?s={search_term_string}\"},\"query-input\":{\"@type\":\"PropertyValueSpecification\",\"valueRequired\":true,\"valueName\":\"search_term_string\"}}],\"inLanguage\":\"en-US\"}]}<\/script>\n<!-- \/ Yoast SEO plugin. -->","yoast_head_json":{"title":"Trottinette \u00e9lectrique KuKirin A1 - Kukirin Kugoo Officiel Maroc","description":"La trottinette \u00e9lectrique Kukirin A1 allie puissance et praticit\u00e9 : 800 W, 45 km\/h, 45 km d'autonomie, pliable et id\u00e9ale pour vos trajets urbains.","robots":{"index":"index","follow":"follow","max-snippet":"max-snippet:-1","max-image-preview":"max-image-preview:large","max-video-preview":"max-video-preview:-1"},"canonical":"https:\/\/kugoo.ma\/en\/product\/trottinette-electrique-kukirin-a1\/","og_locale":"en_US","og_type":"article","og_title":"Trottinette \u00e9lectrique KuKirin A1 - Kukirin Kugoo Officiel Maroc","og_description":"La trottinette \u00e9lectrique Kukirin A1 allie puissance et praticit\u00e9 : 800 W, 45 km\/h, 45 km d'autonomie, pliable et id\u00e9ale pour vos trajets urbains.","og_url":"https:\/\/kugoo.ma\/en\/product\/trottinette-electrique-kukirin-a1\/","og_site_name":"Kukirin Kugoo Officiel Maroc","article_modified_time":"2026-04-17T10:15:22+00:00","og_image":[{"width":2500,"height":2500,"url":"https:\/\/kugoo.ma\/wp-content\/uploads\/2025\/10\/banner-produit-Arabe-2026-03-05T114237.414.png","type":"image\/png"}],"twitter_card":"summary_large_image","twitter_misc":{"Est. reading time":"3 minutes"},"schema":{"@context":"https:\/\/schema.org","@graph":[{"@type":"WebPage","@id":"https:\/\/kugoo.ma\/produit\/trottinette-electrique-kukirin-a1\/","url":"https:\/\/kugoo.ma\/produit\/trottinette-electrique-kukirin-a1\/","name":"Trottinette \u00e9lectrique KuKirin A1 - Kukirin Kugoo Officiel Maroc","isPartOf":{"@id":"https:\/\/kugoo.ma\/#website"},"primaryImageOfPage":{"@id":"https:\/\/kugoo.ma\/produit\/trottinette-electrique-kukirin-a1\/#primaryimage"},"image":{"@id":"https:\/\/kugoo.ma\/produit\/trottinette-electrique-kukirin-a1\/#primaryimage"},"thumbnailUrl":"https:\/\/kugoo.ma\/wp-content\/uploads\/2025\/10\/banner-produit-Arabe-2026-03-05T114237.414.png","datePublished":"2026-04-16T15:50:41+00:00","dateModified":"2026-04-17T10:15:22+00:00","description":"La trottinette \u00e9lectrique Kukirin A1 allie puissance et praticit\u00e9 : 800 W, 45 km\/h, 45 km d'autonomie, pliable et id\u00e9ale pour vos trajets urbains.","breadcrumb":{"@id":"https:\/\/kugoo.ma\/produit\/trottinette-electrique-kukirin-a1\/#breadcrumb"},"inLanguage":"en-US","potentialAction":[{"@type":"ReadAction","target":["https:\/\/kugoo.ma\/produit\/trottinette-electrique-kukirin-a1\/"]}]},{"@type":"ImageObject","inLanguage":"en-US","@id":"https:\/\/kugoo.ma\/produit\/trottinette-electrique-kukirin-a1\/#primaryimage","url":"https:\/\/kugoo.ma\/wp-content\/uploads\/2025\/10\/banner-produit-Arabe-2026-03-05T114237.414.png","contentUrl":"https:\/\/kugoo.ma\/wp-content\/uploads\/2025\/10\/banner-produit-Arabe-2026-03-05T114237.414.png","width":2500,"height":2500,"caption":"kukirin a1"},{"@type":"BreadcrumbList","@id":"https:\/\/kugoo.ma\/produit\/trottinette-electrique-kukirin-a1\/#breadcrumb","itemListElement":[{"@type":"ListItem","position":1,"name":"Accueil","item":"https:\/\/kugoo.ma\/"},{"@type":"ListItem","position":2,"name":"Boutique","item":"https:\/\/kugoo.ma\/boutique\/"},{"@type":"ListItem","position":3,"name":"Trottinette \u00e9lectrique KuKirin A1"}]},{"@type":"WebSite","@id":"https:\/\/kugoo.ma\/#website","url":"https:\/\/kugoo.ma\/","name":"Kukirin Kugoo Officiel Maroc","description":"","potentialAction":[{"@type":"SearchAction","target":{"@type":"EntryPoint","urlTemplate":"https:\/\/kugoo.ma\/?s={search_term_string}"},"query-input":{"@type":"PropertyValueSpecification","valueRequired":true,"valueName":"search_term_string"}}],"inLanguage":"en-US"}]}},"_links":{"self":[{"href":"https:\/\/kugoo.ma\/en\/wp-json\/wp\/v2\/product\/462","targetHints":{"allow":["GET"]}}],"collection":[{"href":"https:\/\/kugoo.ma\/en\/wp-json\/wp\/v2\/product"}],"about":[{"href":"https:\/\/kugoo.ma\/en\/wp-json\/wp\/v2\/types\/product"}],"replies":[{"embeddable":true,"href":"https:\/\/kugoo.ma\/en\/wp-json\/wp\/v2\/comments?post=462"}],"wp:featuredmedia":[{"embeddable":true,"href":"https:\/\/kugoo.ma\/en\/wp-json\/wp\/v2\/media\/605"}],"wp:attachment":[{"href":"https:\/\/kugoo.ma\/en\/wp-json\/wp\/v2\/media?parent=462"}],"wp:term":[{"taxonomy":"product_brand","embeddable":true,"href":"https:\/\/kugoo.ma\/en\/wp-json\/wp\/v2\/product_brand?post=462"},{"taxonomy":"product_cat","embeddable":true,"href":"https:\/\/kugoo.ma\/en\/wp-json\/wp\/v2\/product_cat?post=462"},{"taxonomy":"product_tag","embeddable":true,"href":"https:\/\/kugoo.ma\/en\/wp-json\/wp\/v2\/product_tag?post=462"}],"curies":[{"name":"wp","href":"https:\/\/api.w.org\/{rel}","templated":true}]}}