{"id":57,"date":"2023-05-20T17:20:58","date_gmt":"2023-05-20T15:20:58","guid":{"rendered":"https:\/\/kugoo.ma\/?post_type=product&#038;p=57"},"modified":"2025-10-03T13:09:56","modified_gmt":"2025-10-03T11:09:56","slug":"trottinette-electrique-kugookirin-m4-pro-2","status":"publish","type":"product","link":"https:\/\/kugoo.ma\/en\/product\/trottinette-electrique-kugookirin-m4-pro-2\/","title":{"rendered":"Trottinette \u00e9lectrique Kugookirin M4 Pro"},"content":{"rendered":"<div>\n<p><img class=\"i-spzhtml-intrinsic-sizer\" style=\"box-sizing: border-box; max-width: 100%; display: block !important;\" role=\"presentation\" width=\"1920px\" \/><\/p>\n<dl class=\"data-sheet flex_container\">\n<dt class=\"name\">Moteur<\/dt>\n<dd class=\"value flex_child\">1200W Max<\/dd>\n<\/dl>\n<dl class=\"data-sheet flex_container\">\n<dt class=\"name\">Batterie<\/dt>\n<dd class=\"value flex_child\">48V 12.5Ah<\/dd>\n<\/dl>\n<dl class=\"data-sheet flex_container\">\n<dt class=\"name\">Vitesse Maximum<\/dt>\n<dd class=\"value flex_child\">50km\/h<\/dd>\n<\/dl>\n<dl class=\"data-sheet flex_container\">\n<dt class=\"name\">Autonomie<\/dt>\n<dd class=\"value flex_child\">40km<\/dd>\n<\/dl>\n<dl class=\"data-sheet flex_container\">\n<dt class=\"name\">Temps De Chargement<\/dt>\n<dd class=\"value flex_child\">6 \u00e0 8 heures<\/dd>\n<\/dl>\n<dl class=\"data-sheet flex_container\">\n<dt class=\"name\">Poids Maximum Support\u00e9<\/dt>\n<dd class=\"value flex_child\">150Kg<\/dd>\n<\/dl>\n<dl class=\"data-sheet flex_container\">\n<dt class=\"name\">Poids<\/dt>\n<dd class=\"value flex_child\">25.5 Kg<\/dd>\n<\/dl>\n<dl class=\"data-sheet flex_container\">\n<dt class=\"name\">Taille des roues<\/dt>\n<dd class=\"value flex_child\">10 Pouces Off Road<\/dd>\n<\/dl>\n<dl class=\"data-sheet flex_container\">\n<dt class=\"name\">Suspension<\/dt>\n<dd class=\"value flex_child\">Double amortisseur Avant &amp; Arri\u00e8re<\/dd>\n<\/dl>\n<dl class=\"data-sheet flex_container\">\n<dt class=\"name\">Autres<\/dt>\n<dd class=\"value flex_child\">LED avant &amp; Feu arri\u00e8re<\/dd>\n<\/dl>\n<h2 data-start=\"181\" data-end=\"264\"><strong data-start=\"187\" data-end=\"264\">Trottinette \u00e9lectrique Kugookirin M4 Pro \u2013 1200W | 50 km\/h | Autonomie 40 km<\/strong><\/h2>\n<p data-start=\"266\" data-end=\"639\">La <a href=\"https:\/\/jump-way.ma\/produit\/trottinette-electrique-m4-pro-kugookirin\/\"><strong data-start=\"269\" data-end=\"287\">Kugookirin M4 Pro<\/strong><\/a> est une trottinette \u00e9lectrique puissante, con\u00e7ue pour les amateurs de mobilit\u00e9 urbaine et tout-terrain. Dot\u00e9e d\u2019un <strong data-start=\"403\" data-end=\"440\">moteur haute performance de 1200W<\/strong>, elle atteint une vitesse maximale de <strong data-start=\"479\" data-end=\"490\">50 km\/h<\/strong>, tout en assurant confort et stabilit\u00e9 gr\u00e2ce \u00e0 ses <strong data-start=\"542\" data-end=\"573\">roues Off-Road de 10 pouces<\/strong> et sa <strong data-start=\"580\" data-end=\"613\">suspension double amortisseur<\/strong> \u00e0 l\u2019avant et \u00e0 l\u2019arri\u00e8re.<\/p>\n<h3 data-start=\"646\" data-end=\"685\">\u2705 <strong data-start=\"652\" data-end=\"685\">Caract\u00e9ristiques techniques :<\/strong><\/h3>\n<ul data-start=\"687\" data-end=\"1527\">\n<li data-start=\"687\" data-end=\"790\">\n<p data-start=\"689\" data-end=\"790\">\ud83d\udd0c <strong data-start=\"692\" data-end=\"714\">Moteur : 1200W max<\/strong>, pour une conduite dynamique, m\u00eame en mont\u00e9e ou sur terrains irr\u00e9guliers.<\/p>\n<\/li>\n<li data-start=\"791\" data-end=\"882\">\n<p data-start=\"793\" data-end=\"882\">\u26a1 <strong data-start=\"795\" data-end=\"820\">Batterie : 48V 12.5Ah<\/strong>, offrant jusqu\u2019\u00e0 <strong data-start=\"838\" data-end=\"859\">40 km d\u2019autonomie<\/strong> en une seule charge.<\/p>\n<\/li>\n<li data-start=\"883\" data-end=\"972\">\n<p data-start=\"885\" data-end=\"972\">\ud83d\ude80 <strong data-start=\"888\" data-end=\"918\">Vitesse maximale : 50 km\/h<\/strong> (vitesse \u00e0 ajuster selon la r\u00e9glementation locale).<\/p>\n<\/li>\n<li data-start=\"973\" data-end=\"1050\">\n<p data-start=\"975\" data-end=\"1050\">\ud83d\udd0b <strong data-start=\"978\" data-end=\"1012\">Temps de charge : 6 \u00e0 8 heures<\/strong>, pour une recharge compl\u00e8te rapide.<\/p>\n<\/li>\n<li data-start=\"1051\" data-end=\"1121\">\n<p data-start=\"1053\" data-end=\"1121\">\ud83e\uddcd\u200d\u2642\ufe0f <strong data-start=\"1059\" data-end=\"1087\">Charge maximale : 150 kg<\/strong>, id\u00e9ale pour tous les gabarits.<\/p>\n<\/li>\n<li data-start=\"1122\" data-end=\"1188\">\n<p data-start=\"1124\" data-end=\"1188\">\u2696\ufe0f <strong data-start=\"1127\" data-end=\"1146\">Poids : 25,5 kg<\/strong>, robuste tout en restant transportable.<\/p>\n<\/li>\n<li data-start=\"1189\" data-end=\"1297\">\n<p data-start=\"1191\" data-end=\"1297\">\ud83d\udede <strong data-start=\"1194\" data-end=\"1224\">Roues : 10 pouces Off-Road<\/strong>, parfaites pour une bonne adh\u00e9rence sur routes et chemins irr\u00e9guliers.<\/p>\n<\/li>\n<li data-start=\"1298\" data-end=\"1406\">\n<p data-start=\"1300\" data-end=\"1406\">\ud83d\udee0\ufe0f <strong data-start=\"1304\" data-end=\"1355\">Suspension : double amortisseur avant &amp; arri\u00e8re<\/strong>, pour un confort optimal m\u00eame sur sol accident\u00e9.<\/p>\n<\/li>\n<li data-start=\"1407\" data-end=\"1527\">\n<p data-start=\"1409\" data-end=\"1527\">\ud83d\udca1 <strong data-start=\"1412\" data-end=\"1457\">\u00c9clairage : phare LED avant + feu arri\u00e8re<\/strong>, pour plus de s\u00e9curit\u00e9 la nuit ou en conditions de faible visibilit\u00e9.<\/p>\n<\/li>\n<\/ul>\n<h3 data-start=\"1534\" data-end=\"1581\">\ud83c\udfaf <strong data-start=\"1541\" data-end=\"1581\">Pourquoi choisir la KuKirin M4 Pro ?<\/strong><\/h3>\n<ul data-start=\"1583\" data-end=\"1990\">\n<li data-start=\"1583\" data-end=\"1674\">\n<p data-start=\"1585\" data-end=\"1674\">\u2705 <strong data-start=\"1587\" data-end=\"1611\">Puissance et vitesse<\/strong> pour les trajets urbains rapides ou les sorties tout-terrain<\/p>\n<\/li>\n<li data-start=\"1675\" data-end=\"1741\">\n<p data-start=\"1677\" data-end=\"1741\">\ud83d\udd0b <strong data-start=\"1680\" data-end=\"1699\">Bonne autonomie<\/strong> pour des trajets quotidiens sans stress<\/p>\n<\/li>\n<li data-start=\"1742\" data-end=\"1834\">\n<p data-start=\"1744\" data-end=\"1834\">\ud83d\udede <strong data-start=\"1747\" data-end=\"1790\">Roues Off-Road + suspensions renforc\u00e9es<\/strong>, pour un confort de conduite exceptionnel<\/p>\n<\/li>\n<li data-start=\"1835\" data-end=\"1919\">\n<p data-start=\"1837\" data-end=\"1919\">\ud83d\udd27 <strong data-start=\"1840\" data-end=\"1875\">Ch\u00e2ssis solide et charge \u00e9lev\u00e9e<\/strong>, parfaite pour les utilisateurs exigeants<\/p>\n<\/li>\n<\/ul>\n<p><img decoding=\"async\" class=\"i-spzhtml-fill-content i-spzhtml-replaced-content\" src=\"https:\/\/img.fantaskycdn.com\/426a44f62f37dd0d2af9502916f8667e.webp\" alt=\"\" \/><\/p>\n<\/div>\n<div><img class=\"i-spzhtml-intrinsic-sizer\" style=\"box-sizing: border-box; max-width: 100%; display: block !important;\" role=\"presentation\" width=\"1920px\" \/><\/div>\n<div><img class=\"i-spzhtml-intrinsic-sizer\" style=\"box-sizing: border-box; max-width: 100%; display: block !important;\" role=\"presentation\" width=\"1920px\" \/><br \/>\n<img decoding=\"async\" class=\"i-spzhtml-fill-content i-spzhtml-replaced-content\" src=\"https:\/\/img.fantaskycdn.com\/a0211f240eb9aa03a3c6aad97fe3fc2b.webp\" alt=\"\" \/><img class=\"i-spzhtml-intrinsic-sizer\" style=\"box-sizing: border-box; max-width: 100%; display: block !important;\" role=\"presentation\" width=\"1920px\" \/><br \/>\n<img decoding=\"async\" class=\"i-spzhtml-fill-content i-spzhtml-replaced-content\" src=\"https:\/\/img.fantaskycdn.com\/b2f8eb2ae9055d0ba31f1eb35ab7b8f9.webp\" alt=\"\" \/><img class=\"i-spzhtml-intrinsic-sizer\" style=\"box-sizing: border-box; max-width: 100%; display: block !important;\" role=\"presentation\" width=\"1920px\" \/><br \/>\n<img decoding=\"async\" class=\"i-spzhtml-fill-content i-spzhtml-replaced-content\" src=\"https:\/\/img.fantaskycdn.com\/8861227dd3f0b58b09e5fd1c1e293752.webp\" alt=\"\" \/><img class=\"i-spzhtml-intrinsic-sizer\" style=\"box-sizing: border-box; max-width: 100%; display: block !important;\" role=\"presentation\" width=\"1920px\" \/><br \/>\n<img decoding=\"async\" class=\"i-spzhtml-fill-content i-spzhtml-replaced-content\" src=\"https:\/\/img.fantaskycdn.com\/6c2d5b664d9ccd3696ae52053850ad95.webp\" alt=\"\" \/><img class=\"i-spzhtml-intrinsic-sizer\" style=\"box-sizing: border-box; max-width: 100%; display: block !important;\" role=\"presentation\" width=\"1920px\" \/><br \/>\n<img decoding=\"async\" class=\"i-spzhtml-fill-content i-spzhtml-replaced-content\" src=\"https:\/\/img.fantaskycdn.com\/0908aedfbb819c87c859ac9c0c3d77d8.webp\" alt=\"\" \/><img class=\"i-spzhtml-intrinsic-sizer\" style=\"box-sizing: border-box; max-width: 100%; display: block !important;\" role=\"presentation\" width=\"1918px\" \/><br \/>\n<img decoding=\"async\" class=\"i-spzhtml-fill-content i-spzhtml-replaced-content\" src=\"https:\/\/img.fantaskycdn.com\/2f3f7ec578ab83dfb1f6bc1bc3799fd2.webp\" alt=\"\" \/><img class=\"i-spzhtml-intrinsic-sizer\" style=\"box-sizing: border-box; max-width: 100%; display: block !important;\" role=\"presentation\" width=\"1918px\" \/><br \/>\n<img decoding=\"async\" class=\"i-spzhtml-fill-content i-spzhtml-replaced-content\" src=\"https:\/\/img.fantaskycdn.com\/36d62caff2ccd44fe4a049af80244c9b.webp\" alt=\"\" \/><img class=\"i-spzhtml-intrinsic-sizer\" style=\"box-sizing: border-box; max-width: 100%; display: block !important;\" role=\"presentation\" width=\"1920px\" \/><br \/>\n<img decoding=\"async\" class=\"i-spzhtml-fill-content i-spzhtml-replaced-content\" src=\"https:\/\/img.fantaskycdn.com\/0ce7d068c17aad16f5aedba59c2c5ced.webp\" alt=\"\" \/><img class=\"i-spzhtml-intrinsic-sizer\" style=\"box-sizing: border-box; max-width: 100%; display: block !important;\" role=\"presentation\" width=\"1920px\" \/><br \/>\n<img decoding=\"async\" class=\"i-spzhtml-fill-content i-spzhtml-replaced-content\" src=\"https:\/\/img.fantaskycdn.com\/081537413e0053ef3682b23be4a7cd82.webp\" alt=\"\" \/><img class=\"i-spzhtml-intrinsic-sizer\" style=\"box-sizing: border-box; max-width: 100%; display: block !important;\" role=\"presentation\" width=\"1920px\" \/><br \/>\n<img decoding=\"async\" class=\"i-spzhtml-fill-content i-spzhtml-replaced-content\" src=\"https:\/\/img.fantaskycdn.com\/8684e8a35c12989d32809e63cfc7e9e2.webp\" alt=\"\" \/><\/div>\n<div>\n<div><img class=\"i-spzhtml-intrinsic-sizer\" style=\"box-sizing: border-box; max-width: 100%; display: block !important;\" role=\"presentation\" width=\"1920px\" \/><br \/>\n<img decoding=\"async\" class=\"i-spzhtml-fill-content i-spzhtml-replaced-content\" src=\"https:\/\/img.fantaskycdn.com\/6c6fc4bc74faf9f0975539288428eea9.webp\" alt=\"\" \/><\/div>\n<\/div>","protected":false},"excerpt":{"rendered":"<p>Moteur 1200W Max Batterie 48V 12.5Ah Vitesse Maximum 50km\/h Autonomie 40km Temps De Chargement 6 \u00e0 8 heures Poids Maximum<\/p>","protected":false},"featured_media":473,"comment_status":"closed","ping_status":"closed","template":"","meta":[],"product_brand":[],"product_cat":[48,17],"product_tag":[],"class_list":{"0":"post-57","1":"product","2":"type-product","3":"status-publish","4":"has-post-thumbnail","6":"product_cat-kukurin","7":"product_cat-trottinette-electrique","9":"first","10":"outofstock","11":"sale","12":"shipping-taxable","13":"purchasable","14":"product-type-simple"},"yoast_head":"<!-- This site is optimized with the Yoast SEO plugin v27.2 - https:\/\/yoast.com\/product\/yoast-seo-wordpress\/ -->\n<title>Trottinette \u00e9lectrique Kugookirin M4 Pro - Kukirin Kugoo Officiel Maroc<\/title>\n<meta name=\"description\" content=\"Trottinette \u00e9lectrique Kugookirin M4 Pro avec puissance de 864Wh, vitesse max 50\u202fkm\/h, autonomie 40\u202fkm et pneus tout-terrain 10&quot;. Confort et performance.\" \/>\n<meta name=\"robots\" content=\"index, follow, max-snippet:-1, max-image-preview:large, max-video-preview:-1\" \/>\n<link rel=\"canonical\" href=\"https:\/\/kugoo.ma\/en\/product\/trottinette-electrique-kugookirin-m4-pro-2\/\" \/>\n<meta property=\"og:locale\" content=\"en_US\" \/>\n<meta property=\"og:type\" content=\"article\" \/>\n<meta property=\"og:title\" content=\"Trottinette \u00e9lectrique Kugookirin M4 Pro - Kukirin Kugoo Officiel Maroc\" \/>\n<meta property=\"og:description\" content=\"Trottinette \u00e9lectrique Kugookirin M4 Pro avec puissance de 864Wh, vitesse max 50\u202fkm\/h, autonomie 40\u202fkm et pneus tout-terrain 10&quot;. Confort et performance.\" \/>\n<meta property=\"og:url\" content=\"https:\/\/kugoo.ma\/en\/product\/trottinette-electrique-kugookirin-m4-pro-2\/\" \/>\n<meta property=\"og:site_name\" content=\"Kukirin Kugoo Officiel Maroc\" \/>\n<meta property=\"article:modified_time\" content=\"2025-10-03T11:09:56+00:00\" \/>\n<meta property=\"og:image\" content=\"https:\/\/kugoo.ma\/wp-content\/uploads\/2023\/05\/Trottinette-electrique-M4-PRO-Kugookirin.jpg\" \/>\n\t<meta property=\"og:image:width\" content=\"800\" \/>\n\t<meta property=\"og:image:height\" content=\"800\" \/>\n\t<meta property=\"og:image:type\" content=\"image\/jpeg\" \/>\n<meta name=\"twitter:card\" content=\"summary_large_image\" \/>\n<meta name=\"twitter:label1\" content=\"Est. reading time\" \/>\n\t<meta name=\"twitter:data1\" content=\"7 minutes\" \/>\n<script type=\"application\/ld+json\" class=\"yoast-schema-graph\">{\"@context\":\"https:\/\/schema.org\",\"@graph\":[{\"@type\":\"WebPage\",\"@id\":\"https:\/\/kugoo.ma\/produit\/trottinette-electrique-kugookirin-m4-pro-2\/\",\"url\":\"https:\/\/kugoo.ma\/produit\/trottinette-electrique-kugookirin-m4-pro-2\/\",\"name\":\"Trottinette \u00e9lectrique Kugookirin M4 Pro - Kukirin Kugoo Officiel Maroc\",\"isPartOf\":{\"@id\":\"https:\/\/kugoo.ma\/#website\"},\"primaryImageOfPage\":{\"@id\":\"https:\/\/kugoo.ma\/produit\/trottinette-electrique-kugookirin-m4-pro-2\/#primaryimage\"},\"image\":{\"@id\":\"https:\/\/kugoo.ma\/produit\/trottinette-electrique-kugookirin-m4-pro-2\/#primaryimage\"},\"thumbnailUrl\":\"https:\/\/kugoo.ma\/wp-content\/uploads\/2023\/05\/Trottinette-electrique-M4-PRO-Kugookirin.jpg\",\"datePublished\":\"2023-05-20T15:20:58+00:00\",\"dateModified\":\"2025-10-03T11:09:56+00:00\",\"description\":\"Trottinette \u00e9lectrique Kugookirin M4 Pro avec puissance de 864Wh, vitesse max 50\u202fkm\/h, autonomie 40\u202fkm et pneus tout-terrain 10\\\". Confort et performance.\",\"breadcrumb\":{\"@id\":\"https:\/\/kugoo.ma\/produit\/trottinette-electrique-kugookirin-m4-pro-2\/#breadcrumb\"},\"inLanguage\":\"en-US\",\"potentialAction\":[{\"@type\":\"ReadAction\",\"target\":[\"https:\/\/kugoo.ma\/produit\/trottinette-electrique-kugookirin-m4-pro-2\/\"]}]},{\"@type\":\"ImageObject\",\"inLanguage\":\"en-US\",\"@id\":\"https:\/\/kugoo.ma\/produit\/trottinette-electrique-kugookirin-m4-pro-2\/#primaryimage\",\"url\":\"https:\/\/kugoo.ma\/wp-content\/uploads\/2023\/05\/Trottinette-electrique-M4-PRO-Kugookirin.jpg\",\"contentUrl\":\"https:\/\/kugoo.ma\/wp-content\/uploads\/2023\/05\/Trottinette-electrique-M4-PRO-Kugookirin.jpg\",\"width\":800,\"height\":800,\"caption\":\"Trottinette \u00e9lectrique Kugookirin M4 Pro\"},{\"@type\":\"BreadcrumbList\",\"@id\":\"https:\/\/kugoo.ma\/produit\/trottinette-electrique-kugookirin-m4-pro-2\/#breadcrumb\",\"itemListElement\":[{\"@type\":\"ListItem\",\"position\":1,\"name\":\"Accueil\",\"item\":\"https:\/\/kugoo.ma\/\"},{\"@type\":\"ListItem\",\"position\":2,\"name\":\"Boutique\",\"item\":\"https:\/\/kugoo.ma\/boutique\/\"},{\"@type\":\"ListItem\",\"position\":3,\"name\":\"Trottinette \u00e9lectrique Kugookirin M4 Pro\"}]},{\"@type\":\"WebSite\",\"@id\":\"https:\/\/kugoo.ma\/#website\",\"url\":\"https:\/\/kugoo.ma\/\",\"name\":\"Kukirin Kugoo Officiel Maroc\",\"description\":\"\",\"potentialAction\":[{\"@type\":\"SearchAction\",\"target\":{\"@type\":\"EntryPoint\",\"urlTemplate\":\"https:\/\/kugoo.ma\/?s={search_term_string}\"},\"query-input\":{\"@type\":\"PropertyValueSpecification\",\"valueRequired\":true,\"valueName\":\"search_term_string\"}}],\"inLanguage\":\"en-US\"}]}<\/script>\n<!-- \/ Yoast SEO plugin. -->","yoast_head_json":{"title":"Trottinette \u00e9lectrique Kugookirin M4 Pro - Kukirin Kugoo Officiel Maroc","description":"Trottinette \u00e9lectrique Kugookirin M4 Pro avec puissance de 864Wh, vitesse max 50\u202fkm\/h, autonomie 40\u202fkm et pneus tout-terrain 10\". Confort et performance.","robots":{"index":"index","follow":"follow","max-snippet":"max-snippet:-1","max-image-preview":"max-image-preview:large","max-video-preview":"max-video-preview:-1"},"canonical":"https:\/\/kugoo.ma\/en\/product\/trottinette-electrique-kugookirin-m4-pro-2\/","og_locale":"en_US","og_type":"article","og_title":"Trottinette \u00e9lectrique Kugookirin M4 Pro - Kukirin Kugoo Officiel Maroc","og_description":"Trottinette \u00e9lectrique Kugookirin M4 Pro avec puissance de 864Wh, vitesse max 50\u202fkm\/h, autonomie 40\u202fkm et pneus tout-terrain 10\". Confort et performance.","og_url":"https:\/\/kugoo.ma\/en\/product\/trottinette-electrique-kugookirin-m4-pro-2\/","og_site_name":"Kukirin Kugoo Officiel Maroc","article_modified_time":"2025-10-03T11:09:56+00:00","og_image":[{"width":800,"height":800,"url":"https:\/\/kugoo.ma\/wp-content\/uploads\/2023\/05\/Trottinette-electrique-M4-PRO-Kugookirin.jpg","type":"image\/jpeg"}],"twitter_card":"summary_large_image","twitter_misc":{"Est. reading time":"7 minutes"},"schema":{"@context":"https:\/\/schema.org","@graph":[{"@type":"WebPage","@id":"https:\/\/kugoo.ma\/produit\/trottinette-electrique-kugookirin-m4-pro-2\/","url":"https:\/\/kugoo.ma\/produit\/trottinette-electrique-kugookirin-m4-pro-2\/","name":"Trottinette \u00e9lectrique Kugookirin M4 Pro - Kukirin Kugoo Officiel Maroc","isPartOf":{"@id":"https:\/\/kugoo.ma\/#website"},"primaryImageOfPage":{"@id":"https:\/\/kugoo.ma\/produit\/trottinette-electrique-kugookirin-m4-pro-2\/#primaryimage"},"image":{"@id":"https:\/\/kugoo.ma\/produit\/trottinette-electrique-kugookirin-m4-pro-2\/#primaryimage"},"thumbnailUrl":"https:\/\/kugoo.ma\/wp-content\/uploads\/2023\/05\/Trottinette-electrique-M4-PRO-Kugookirin.jpg","datePublished":"2023-05-20T15:20:58+00:00","dateModified":"2025-10-03T11:09:56+00:00","description":"Trottinette \u00e9lectrique Kugookirin M4 Pro avec puissance de 864Wh, vitesse max 50\u202fkm\/h, autonomie 40\u202fkm et pneus tout-terrain 10\". Confort et performance.","breadcrumb":{"@id":"https:\/\/kugoo.ma\/produit\/trottinette-electrique-kugookirin-m4-pro-2\/#breadcrumb"},"inLanguage":"en-US","potentialAction":[{"@type":"ReadAction","target":["https:\/\/kugoo.ma\/produit\/trottinette-electrique-kugookirin-m4-pro-2\/"]}]},{"@type":"ImageObject","inLanguage":"en-US","@id":"https:\/\/kugoo.ma\/produit\/trottinette-electrique-kugookirin-m4-pro-2\/#primaryimage","url":"https:\/\/kugoo.ma\/wp-content\/uploads\/2023\/05\/Trottinette-electrique-M4-PRO-Kugookirin.jpg","contentUrl":"https:\/\/kugoo.ma\/wp-content\/uploads\/2023\/05\/Trottinette-electrique-M4-PRO-Kugookirin.jpg","width":800,"height":800,"caption":"Trottinette \u00e9lectrique Kugookirin M4 Pro"},{"@type":"BreadcrumbList","@id":"https:\/\/kugoo.ma\/produit\/trottinette-electrique-kugookirin-m4-pro-2\/#breadcrumb","itemListElement":[{"@type":"ListItem","position":1,"name":"Accueil","item":"https:\/\/kugoo.ma\/"},{"@type":"ListItem","position":2,"name":"Boutique","item":"https:\/\/kugoo.ma\/boutique\/"},{"@type":"ListItem","position":3,"name":"Trottinette \u00e9lectrique Kugookirin M4 Pro"}]},{"@type":"WebSite","@id":"https:\/\/kugoo.ma\/#website","url":"https:\/\/kugoo.ma\/","name":"Kukirin Kugoo Officiel Maroc","description":"","potentialAction":[{"@type":"SearchAction","target":{"@type":"EntryPoint","urlTemplate":"https:\/\/kugoo.ma\/?s={search_term_string}"},"query-input":{"@type":"PropertyValueSpecification","valueRequired":true,"valueName":"search_term_string"}}],"inLanguage":"en-US"}]}},"_links":{"self":[{"href":"https:\/\/kugoo.ma\/en\/wp-json\/wp\/v2\/product\/57","targetHints":{"allow":["GET"]}}],"collection":[{"href":"https:\/\/kugoo.ma\/en\/wp-json\/wp\/v2\/product"}],"about":[{"href":"https:\/\/kugoo.ma\/en\/wp-json\/wp\/v2\/types\/product"}],"replies":[{"embeddable":true,"href":"https:\/\/kugoo.ma\/en\/wp-json\/wp\/v2\/comments?post=57"}],"wp:featuredmedia":[{"embeddable":true,"href":"https:\/\/kugoo.ma\/en\/wp-json\/wp\/v2\/media\/473"}],"wp:attachment":[{"href":"https:\/\/kugoo.ma\/en\/wp-json\/wp\/v2\/media?parent=57"}],"wp:term":[{"taxonomy":"product_brand","embeddable":true,"href":"https:\/\/kugoo.ma\/en\/wp-json\/wp\/v2\/product_brand?post=57"},{"taxonomy":"product_cat","embeddable":true,"href":"https:\/\/kugoo.ma\/en\/wp-json\/wp\/v2\/product_cat?post=57"},{"taxonomy":"product_tag","embeddable":true,"href":"https:\/\/kugoo.ma\/en\/wp-json\/wp\/v2\/product_tag?post=57"}],"curies":[{"name":"wp","href":"https:\/\/api.w.org\/{rel}","templated":true}]}}